{"id":406,"date":"2025-02-07T22:01:21","date_gmt":"2025-02-07T22:01:21","guid":{"rendered":"https:\/\/milconstructions.com\/nosotros\/"},"modified":"2026-03-10T13:00:46","modified_gmt":"2026-03-10T13:00:46","slug":"nosotros","status":"publish","type":"page","link":"https:\/\/milconstructions.com\/en\/nosotros\/","title":{"rendered":"Nosotros"},"content":{"rendered":"<section class=\"header_about_ecommerce_curvy1_1_1 background-1-dark\" id=\"\" data-block-id=\"69e4aeceafa3d69e4aeceafa3e\" data-block-name=\"acf\/header-about-ecommerce-curvy1-1-1\" data-post-id=\"406\" data-stable-id=\"block_ef85f1063b1d129fe60561af86149165\">\r\n    <div class=\"container\">\r\n        <div class=\"row\">\r\n            <div class=\"col col-titulo\">\r\n                                <h1 class=\"tamano1 color-2-headings-light\">Construcciones y Reformas de Calidad para Tu Hogar<\/h1>\r\n                                                <div class=\"texto tamano-7-mediumcta color-2-body-light\"><p>Expertos en proyectos de construcci\u00f3n y reforma<\/p>\n<\/div>\r\n                            <\/div>\r\n            <div class=\"col col-imagen\">\r\n                                <div class=\"imagen\" aria-label=\"\"\r\n                    style=\"background-image:url('https:\/\/milconstructions.com\/wp-content\/uploads\/2026\/03\/port-6.jpeg');\">\r\n                                        <\/div>\r\n                <\/div>\r\n            <\/div>\r\n        <\/div>\r\n<\/section>\r\n<style>\r\n    .header_about_ecommerce_curvy1_1_1:after {\r\n        content: \"\";\r\n        background: var(--background-1-light);\r\n        width: 100%;\r\n        bottom: -1px;\r\n        left: 0;\r\n        height: 300px;\r\n        position: absolute;\r\n        z-index: 0;\r\n    }\r\n\r\n    .header_about_ecommerce_curvy1_1_1 .col-imagen .imagen {\r\n        height: 737px;\r\n        background-position: center;\r\n        background-repeat: no-repeat;\r\n        border-radius: 30px;\r\n        background-size: cover;\r\n    }\r\n    \r\n    .header_about_ecommerce_curvy1_1_1 {\r\n        padding-top: 260px;\r\n        position: relative;\r\n        padding-bottom: 40px;\r\n    }\r\n\r\n    .header_about_ecommerce_curvy1_1_1 .texto * {\r\n        padding-bottom: 15px;\r\n    }\r\n\r\n    .header_about_ecommerce_curvy1_1_1 .col-imagen {\r\n        margin-top: 125px;\r\n    }\r\n\r\n    .header_about_ecommerce_curvy1_1_1 .texto *:last-child {\r\n        padding-bottom: 0;\r\n    }\r\n\r\n    .header_about_ecommerce_curvy1_1_1 .container {\r\n        position: relative;\r\n        z-index: 1;\r\n    }\r\n\r\n    .header_about_ecommerce_curvy1_1_1 .col-titulo {\r\n        max-width: 1250px;\r\n        margin: 0 auto;\r\n        text-align: center;\r\n    }\r\n\r\n    .header_about_ecommerce_curvy1_1_1 .btn-round {\r\n        border-radius: 60px;\r\n        \/* background: var(--color-boton-3-normal);*\/\r\n        padding: 12px 25px;\r\n        \/*color: var(--color-boton-3-texto-normal);*\/\r\n        display: inline-block;\r\n        min-width: 175px;\r\n        text-align: center;\r\n        text-decoration: none;\r\n    }\r\n    \r\n    .header_about_ecommerce_curvy1_1_1 h1 {\r\n        padding-bottom: 20px;\r\n        max-width: 1205px;\r\n    }\r\n\r\n    @media (max-width:1350px) {\r\n        .header_about_ecommerce_curvy1_1_1 .col-imagen .imagen {\r\n            height: 620px;\r\n        }\r\n    }\r\n\r\n    @media (max-width:1200px) {\r\n        .header_about_ecommerce_curvy1_1_1 .col-imagen .imagen {\r\n            height: 540px;\r\n        }\r\n\r\n        .header_about_ecommerce_curvy1_1_1 {\r\n            padding-top: 180px;\r\n        }\r\n\r\n        .header_about_ecommerce_curvy1_1_1 .col-imagen {\r\n            margin-top: 100px;\r\n        }\r\n    }\r\n\r\n    @media (max-width:992px) {\r\n        .header_about_ecommerce_curvy1_1_1 .col-imagen .imagen {\r\n            height: 450px;\r\n        }\r\n    }\r\n\r\n    @media (max-width:768px) {\r\n        .header_about_ecommerce_curvy1_1_1 .col-imagen .imagen {\r\n            height: 350px;\r\n        }\r\n\r\n        .header_about_ecommerce_curvy1_1_1:after {\r\n            height: 215px;\r\n        }\r\n\r\n        .header_about_ecommerce_curvy1_1_1 {\r\n            padding-top: 100px;\r\n        }\r\n\r\n        .header_about_ecommerce_curvy1_1_1 h1 {\r\n            padding: 35px 0 25px;\r\n            line-height: var(--tamano5-line-height);\r\n            font-size: var(--tamano4-font-size);\r\n        }\r\n\r\n        .header_about_ecommerce_curvy1_1_1 .texto {\r\n            padding-bottom: 20px;\r\n        }\r\n\r\n        .header_about_ecommerce_curvy1_1_1 .col-imagen {\r\n            margin-top: 30px;\r\n        }\r\n    }\r\n\r\n    @media (max-width:575px) {\r\n        .header_about_ecommerce_curvy1_1_1 .col-imagen .imagen {\r\n            height: 275px;\r\n        }\r\n    }\r\n<\/style>\r\n\n\n<section class=\"about_ecommerce_curvy1_1_2 background-1-dark\" data-block-id=\"69e4aeceb1edd69e4aeceb1ede\" data-block-name=\"acf\/about-ecommerce-curvy1-1-2\" data-post-id=\"406\" data-stable-id=\"block_fcadafee507890172ae5312d06e6d825\">\r\n    <div class=\"container\">\r\n        <div class=\"row\">\r\n            <div class=\"col col-titulo\">\r\n                                <h2 class=\"titulo tamano3 color-2-headings-light\"><span class=\"ez-toc-section\" id=\"Expertos_en_construcciones_y_reformas_a_medida_para_su_hogar\"><\/span>Expertos en construcciones y reformas a medida para su hogar<span class=\"ez-toc-section-end\"><\/span><\/h2>\r\n                            <\/div>\r\n            <div class=\"col col-down\">\r\n                \r\n                    <div class=\"textos\">\r\n                                                    <div class=\"texto color-2-body-light tamano7\"><p>En Magic Constructions, nos especializamos en la construcci\u00f3n y reforma de todo tipo de viviendas, garantizando calidad y personalizaci\u00f3n en cada proyecto. Nuestro equipo de profesionales est\u00e1 comprometido en crear espacios \u00fanicos que se adapten a sus necesidades y estilo. Desde renovaciones completas hasta peque\u00f1os ajustes, trabajamos con los m\u00e1s altos est\u00e1ndares del sector para asegurar que su hogar sea exactamente como lo imagin\u00f3. Adem\u00e1s, utilizamos materiales de primera calidad y tecnolog\u00eda avanzada para ofrecer resultados duraderos y eficientes. Perm\u00edtanos ser su aliado en la transformaci\u00f3n de su vivienda y convertir sus sue\u00f1os en realidad.<\/p>\n<\/div>\r\n                        \r\n                        \r\n                                                    <div class=\"texto color-2-body-light tamano7\"><p>En Magic Constructions, entendemos que su hogar es su refugio, por eso nos esforzamos en cada detalle. Nuestro enfoque es la satisfacci\u00f3n del cliente, garantizando un proceso transparente y eficiente. Nos encargamos de cada etapa, desde el concepto inicial hasta la entrega final, asegurando un servicio integral y dedicado. Nuestra experiencia y pasi\u00f3n por las construcciones y reformas nos distingue, y estamos listos para enfrentar cualquier desaf\u00edo. Conf\u00ede en Magic Constructions para llevar a cabo su pr\u00f3ximo proyecto, y descubra por qu\u00e9 somos l\u00edderes en el sector de la construcci\u00f3n y reformas. Estamos aqu\u00ed para hacer de su casa el hogar que siempre so\u00f1\u00f3.<\/p>\n<\/div>\r\n                                            <\/div>\r\n\r\n                                        <div class=\"vermas tamano7 boton-4-texto-normal\">\r\n                        <span class=\"mas tamano7 boton-4-texto-normal\">Read more<\/span>\r\n                        <span class=\"menos hide tamano7 boton-4-texto-normal\">Read less<\/span>\r\n                        <svg width=\"13\" height=\"8\" viewBox=\"0 0 13 8\" fill=\"none\" xmlns=\"http:\/\/www.w3.org\/2000\/svg\">\r\n                            <path id=\"Vector 14\" d=\"M1 1L6.5 6.5L12 1\" stroke=\"#2B275C\" stroke-width=\"1.5\" \/>\r\n                        <\/svg>\r\n                    <\/div>\r\n                                                    <\/div>\r\n        <\/div>\r\n    <\/div>\r\n<\/section>\r\n<style>\r\n    .about_ecommerce_curvy1_1_2 .vermas svg path {\r\n        stroke: var(--boton-5-texto-normal);\r\n    }\r\n\r\n    .about_ecommerce_curvy1_1_2 .vermas .hide {\r\n        display: none;\r\n    }\r\n\r\n    .about_ecommerce_curvy1_1_2 .vermas.show svg {\r\n        transform: rotate(180deg);\r\n    }\r\n\r\n    .about_ecommerce_curvy1_1_2 .vermas {\r\n        display: none;\r\n        margin-top: 20px;\r\n        align-items: center;\r\n        gap: 10px;\r\n        cursor: pointer;\r\n    }\r\n\r\n    .about_ecommerce_curvy1_1_2 .vermas span {\r\n        font-weight: var(--tamano5-font-weight);\r\n        color: var(--boton-5-texto-normal);\r\n    }\r\n\r\n    .about_ecommerce_curvy1_1_2 .texto > *:not(:last-child){\r\n        padding-bottom: 20px;\r\n    }\r\n\r\n    .about_ecommerce_curvy1_1_2 h2 {\r\n        padding-bottom: 55px;\r\n        max-width: 900px;\r\n    }\r\n\r\n    .about_ecommerce_curvy1_1_2 .textos .texto {\r\n        width: 50%;\r\n    }\r\n\r\n    .about_ecommerce_curvy1_1_2 .textos {\r\n        display: flex;\r\n        gap: 30px;\r\n        max-width: 1205px;\r\n        margin: 0 auto;\r\n    }\r\n\r\n    .about_ecommerce_curvy1_1_2 {\r\n        position: relative;\r\n        background-position: center;\r\n        background-repeat: no-repeat;\r\n        background-size: cover;\r\n        padding: 81px 150px;\r\n        margin-top: -1px;\r\n    }\r\n\r\n    @media (max-width:1550px) {\r\n        .about_ecommerce_curvy1_1_2 {\r\n            padding-left: 50px;\r\n            padding-right: 50px;\r\n        }\r\n\r\n        .about_ecommerce_curvy1_1_2 .textos {\r\n            max-width: 80%;\r\n        }\r\n    }\r\n\r\n    @media (max-width:1200px) {\r\n        .about_ecommerce_curvy1_1_2 {\r\n            padding-left: 0;\r\n            padding-right: 0;\r\n        }\r\n\r\n        .about_ecommerce_curvy1_1_2 .textos {\r\n            max-width: 100%;\r\n        }\r\n    }\r\n\r\n    @media (max-width:992px) {\r\n        .about_ecommerce_curvy1_1_2 .textos {\r\n            flex-direction: column;\r\n            gap: 20px;\r\n        }\r\n\r\n        .about_ecommerce_curvy1_1_2 .textos .texto {\r\n            width: 100%;\r\n        }\r\n\r\n        .about_ecommerce_curvy1_1_2 h2 {\r\n            padding-bottom: 35px;\r\n            line-height: var(--tamano4-line-height);\r\n        }\r\n\r\n        .about_ecommerce_curvy1_1_2 {\r\n            padding: 40px 0;\r\n        }\r\n    }\r\n\r\n    @media (max-width:768px) {\r\n        .about_ecommerce_curvy1_1_2 .textos .texto:first-child p:not(:first-child),\r\n        .about_ecommerce_curvy1_1_2 .textos .texto:nth-child(2) {\r\n            display: none;\r\n        }\r\n\r\n        .about_ecommerce_curvy1_1_2 .textos .texto:first-child.show p:not(:first-child),\r\n        .about_ecommerce_curvy1_1_2 .textos .texto:nth-child(2).show {\r\n            display: block;\r\n        }\r\n\r\n        .about_ecommerce_curvy1_1_2 .vermas {\r\n            display: flex;\r\n            width: max-content;\r\n        }\r\n\r\n        .about_ecommerce_curvy1_1_2 h2 {\r\n            line-height: var(--tamano5-line-height);\r\n        }\r\n    }\r\n<\/style>\r\n<script>\r\n    jQuery('.about_ecommerce_curvy1_1_2 .vermas').on('click', function() {\r\n        if (window.matchMedia(\"(max-width: 768px)\").matches) {\r\n            jQuery('.about_ecommerce_curvy1_1_2 .texto').toggleClass('show');\r\n            jQuery('.about_ecommerce_curvy1_1_2 .vermas').toggleClass('show');\r\n            jQuery('.about_ecommerce_curvy1_1_2 .vermas span').toggleClass('hide');\r\n        }\r\n    });\r\n<\/script>\r\n\n\n<section class=\"about_ecommerce_curvy1_2_2 background-1-dark\" id=\"\" data-block-id=\"69e4aeceb2e9a69e4aeceb2e9b\" data-block-name=\"acf\/about-ecommerce-curvy1-2-2\" data-post-id=\"406\" data-stable-id=\"block_780d0bd239014a59073f95367c183cfb\">\r\n    <div class=\"container\">\r\n        <div class=\"row\">\r\n            <div class=\"col col-imagen\">\r\n                                <img decoding=\"async\" src=\"https:\/\/milconstructions.com\/wp-content\/uploads\/2025\/02\/Leonardo_Vision_XL_Imagen_conceptual_para_About_Ecommerce_Curv_0.jpg\" alt=\"\" title=\"Leonardo_Vision_XL_Imagen_conceptual_para_About_Ecommerce_Curv_0\">\r\n                            <\/div>\r\n            <div class=\"col col-texto\">\r\n                                                                <h3 class=\"tamano4 color-2-headings-light\">Expertos en Construcciones y Reformas<\/h3>\r\n                                                <div class=\"texto tamano7 color-2-body-light\"><p>En Magic Constructions, transformamos ideas en realidad. Especialistas en construcci\u00f3n y reforma de viviendas, garantizamos calidad y satisfacci\u00f3n.<\/p>\n<\/div>\r\n                                                                <h3 class=\"tamano4 color-2-headings-light\">Expertos en Construcci\u00f3n y Reforma<\/h3>\r\n                                                <div class=\"texto tamano7 color-2-body-light\"><p>En Magic Constructions transformamos su hogar con experiencia y dedicaci\u00f3n. Innovamos y garantizamos calidad en cada proyecto de construcci\u00f3n y reforma.<\/p>\n<\/div>\r\n                                                                <h3 class=\"tamano4 color-2-headings-light\">Expertos en Construcci\u00f3n y Reforma<\/h3>\r\n                                                <div class=\"texto tamano7 color-2-body-light\"><p>En Magic Constructions, nos dedicamos a construir y reformar hogares, brindando calidad, eficiencia y un acabado perfecto en cada proyecto.<\/p>\n<\/div>\r\n                                                            <\/div>\r\n        <\/div>\r\n    <\/div>\r\n<\/section>\r\n<style>\r\n    .about_ecommerce_curvy1_2_2 .row .col-texto h3 {\r\n        padding-bottom: 10px;\r\n    }\r\n\r\n    .about_ecommerce_curvy1_2_2 .row .col-texto {\r\n        max-width: 40%;\r\n        width: 100%;\r\n    }\r\n\r\n    .about_ecommerce_curvy1_2_2 .row {\r\n        display: flex;\r\n        flex-direction: row;\r\n        justify-content: space-between;\r\n        align-items: center;\r\n    }\r\n\r\n    .about_ecommerce_curvy1_2_2 .texto *:last-child {\r\n        padding-bottom: 0;\r\n    }\r\n\r\n    .about_ecommerce_curvy1_2_2 .col-imagen {\r\n        max-width: 50%;\r\n        width: 100%;\r\n    }\r\n\r\n    .about_ecommerce_curvy1_2_2 img {\r\n        width: 100%;\r\n        border-radius: 30px;\r\n    }\r\n    \r\n    .about_ecommerce_curvy1_2_2 .texto:not(:last-child) {\r\n        padding-bottom: 50px;\r\n    }\r\n\r\n    .about_ecommerce_curvy1_2_2 .texto * {\r\n        padding-bottom: 20px;\r\n    }\r\n\r\n    .about_ecommerce_curvy1_2_2 {\r\n        padding: 80px 150px;\r\n        position: relative;\r\n    }\r\n\r\n    @media (max-width:1750px) {\r\n        .about_ecommerce_curvy1_2_2 {\r\n            padding-left: 50px;\r\n            padding-right: 50px;\r\n        }\r\n    }\r\n\r\n    @media (max-width:1350px) {\r\n        .about_ecommerce_curvy1_2_2 .row .col-texto {\r\n            max-width: 50%;\r\n        }\r\n\r\n        .about_ecommerce_curvy1_2_2 {\r\n            padding-left: 0;\r\n            padding-right: 0;\r\n        }\r\n    }\r\n\r\n    @media (max-width:992px) {\r\n        .about_ecommerce_curvy1_2_2 .texto {\r\n            padding-bottom: 35px;\r\n        }\r\n\r\n        .about_ecommerce_curvy1_2_2 .row .col-texto,\r\n        .about_ecommerce_curvy1_2_2 .col-imagen {\r\n            max-width: 100%;\r\n        }\r\n\r\n        .about_ecommerce_curvy1_2_2 .row {\r\n            flex-direction: column;\r\n            gap: 35px;\r\n        }\r\n\r\n        .about_ecommerce_curvy1_2_2 .row .col-texto {\r\n            max-width: 100%;\r\n        }\r\n\r\n        .about_ecommerce_curvy1_2_2 {\r\n            padding: 40px 0;\r\n        }\r\n    }\r\n<\/style>\r\n\n\n<section class=\"cta_curvy1_3_1_2 background-1-light\" id=\"\" data-block-id=\"69e4aeceb4cc769e4aeceb4cc8\" data-block-name=\"acf\/cta-curvy1-3-1-2\" data-post-id=\"406\" data-stable-id=\"block_03771644ff59f93adc0f29a8b34101de\">\r\n    <div class=\"container\">\r\n        <div class=\"row\">\r\n            <div class=\"col\">\r\n                <div class=\"inner background-1-dark\">\r\n                                        <div class=\"titulo\">\r\n                        <h2 class=\"tamano3 color-2-headings-light\"><span class=\"ez-toc-section\" id=\"Construccion_Perfecta\"><\/span>Construcci\u00f3n Perfecta<span class=\"ez-toc-section-end\"><\/span><\/h2>\r\n                    <\/div>\r\n                                                            <div class=\"texto color-2-body-light tamano7\"><p>En Magic Constructions, estamos dedicados a construir y reformar con la m\u00e1s alta calidad. Transformamos tus espacios en obras maestras \u00fanicas. \u00a1Descubre c\u00f3mo!<\/p>\n<\/div>\r\n                                                                <div class=\"ctas\">\r\n                                                            <a href=\"#\" target=\"\" class=\"btn-round tamano-7-mediumcta color-boton-3-texto-normal color-boton-3-texto-hover color-boton-3-normal color-boton-3-hover\">\r\n    \r\n    <span>Cont\u00e1ctanos<\/span>\r\n<\/a>\r\n\r\n<style>\r\n    .btn-border-rounded {\r\n        border-radius: 12px !important;\r\n    }\r\n\r\n    .btn-border-square {\r\n        border-radius: 0 !important;\r\n    }\r\n\r\n    \/* Estilos de hover *\/\r\n    .btn-hover-hover1:hover {\r\n        filter: contrast(0.55);\r\n    }\r\n\r\n    .btn-hover-hover2:hover {\r\n        filter: sepia(2);\r\n    }\r\n\r\n    \/* Estilos del icono cuando existe *\/\r\n    a i {\r\n        margin-right: 8px;\r\n        font-size: 16px;\r\n    }\r\n\r\n    \/* Icono Lucide *\/\r\n    .btn-icon--lucide {\r\n        display: inline-flex;\r\n        align-items: center;\r\n        justify-content: center;\r\n        margin-right: 8px;\r\n    }\r\n\r\n    .btn-icon--lucide svg {\r\n        width: 16px;\r\n        height: 16px;\r\n        display: block;\r\n    }\r\n<\/style>\r\n                                                    <\/div>\r\n                                    <\/div>\r\n            <\/div>\r\n        <\/div>\r\n    <\/div>\r\n<\/section>\r\n<style>\r\n    .cta_curvy1_3_1_2 .inner {\r\n        display: flex;\r\n        gap: 30px;\r\n        border-radius: 30px;\r\n        align-items: center;\r\n        padding: 55px 150px;\r\n        justify-content: space-between;\r\n    }\r\n\r\n     .cta_curvy1_3_1_2 .titulo {\r\n        max-width: 430px;\r\n        width: 100%;\r\n    }\r\n\r\n    .cta_curvy1_3_1_2 .texto {\r\n        max-width: 660px;\r\n        text-align: left;\r\n        width: 100%;\r\n    }\r\n\r\n    .cta_curvy1_3_1_2 {\r\n        padding: 80px 0;\r\n        position: relative;\r\n    }\r\n\r\n    .cta_curvy1_3_1_2 .btn-round {\r\n        border-radius: 60px;\r\n        padding: 15px 30px;\r\n        display: inline-block;\r\n        text-align: center;\r\n        transition: all ease .3s;\r\n        text-decoration: none;\r\n        min-width: 278px;\r\n        display: flex;\r\n        align-items: center;\r\n        justify-content: center;\r\n    }\r\n\r\n    @media (max-width:1750px) {\r\n        .cta_curvy1_3_1_2 .texto {\r\n            max-width: 500px;\r\n        }\r\n    }\r\n\r\n    @media (max-width:1600px) {\r\n        .cta_curvy1_3_1_2 .inner {\r\n            padding-left: 50px;\r\n            padding-right: 50px;\r\n        }\r\n    }\r\n\r\n    @media (max-width:1400px) {\r\n        .cta_curvy1_3_1_2 .texto {\r\n            max-width: 100%;\r\n        }\r\n\r\n        .cta_curvy1_3_1_2 .titulo {\r\n            width: 100%;\r\n        }\r\n    }\r\n\r\n    @media (max-width:1200px) {\r\n        .cta_curvy1_3_1_2 .inner {\r\n            padding-left: 15px;\r\n            padding-right: 15px;\r\n        }\r\n    }\r\n\r\n    @media (max-width:992px) {\r\n        .cta_curvy1_3_1_2 .col .inner {\r\n            border-radius: 30px;\r\n            flex-direction: column;\r\n            align-items: center;\r\n            justify-content: center;\r\n        }\r\n\r\n         .cta_curvy1_3_1_2 .col .inner>* {\r\n            width: 100%;\r\n            max-width: 100%;\r\n            text-align: left;\r\n        }\r\n\r\n        .cta_curvy1_3_1_2 .inner {\r\n            padding: 33px 23px;\r\n        }\r\n\r\n        .cta_curvy1_3_1_2 .col .ctas {\r\n            display: flex;\r\n            align-items: center;\r\n            justify-content: start;\r\n        }\r\n\r\n        .cta_curvy1_3_1_2 .col {\r\n            flex-direction: column;\r\n            justify-content: center;\r\n            align-items: center;\r\n        }\r\n\r\n        .cta_curvy1_3_1_2 {\r\n            padding: 40px 0;\r\n        }\r\n\r\n        .cta_curvy1_3_1_2 .btn-round {\r\n            min-width: 240px\r\n        }\r\n\r\n        .cta_curvy1_3_1_2 .titulo h2 {\r\n            line-height: var(--tamano5-line-height);\r\n        }\r\n    }\r\n<\/style>\r\n","protected":false},"excerpt":{"rendered":"","protected":false},"author":1,"featured_media":918,"parent":0,"menu_order":0,"comment_status":"open","ping_status":"closed","template":"","meta":{"_acf_changed":false,"iawp_total_views":2,"footnotes":""},"class_list":["post-406","page","type-page","status-publish","has-post-thumbnail","hentry"],"acf":[],"yoast_head":"<!-- This site is optimized with the Yoast SEO plugin v27.4 - https:\/\/yoast.com\/product\/yoast-seo-wordpress\/ -->\n<title>Nosotros - Magic Constructions<\/title>\n<meta name=\"robots\" content=\"index, follow, max-snippet:-1, max-image-preview:large, max-video-preview:-1\" \/>\n<link rel=\"canonical\" href=\"https:\/\/milconstructions.com\/en\/nosotros\/\" \/>\n<meta property=\"og:locale\" content=\"en_US\" \/>\n<meta property=\"og:type\" content=\"article\" \/>\n<meta property=\"og:title\" content=\"Nosotros - Magic Constructions\" \/>\n<meta property=\"og:url\" content=\"https:\/\/milconstructions.com\/en\/nosotros\/\" \/>\n<meta property=\"og:site_name\" content=\"Magic Constructions\" \/>\n<meta property=\"article:modified_time\" content=\"2026-03-10T13:00:46+00:00\" \/>\n<meta property=\"og:image\" content=\"https:\/\/milconstructions.com\/wp-content\/uploads\/2026\/03\/port-6.jpeg\" \/>\n\t<meta property=\"og:image:width\" content=\"1600\" \/>\n\t<meta property=\"og:image:height\" content=\"1200\" \/>\n\t<meta property=\"og:image:type\" content=\"image\/jpeg\" \/>\n<meta name=\"twitter:card\" content=\"summary_large_image\" \/>\n<!-- \/ Yoast SEO plugin. -->","yoast_head_json":{"title":"Nosotros - Magic Constructions","robots":{"index":"index","follow":"follow","max-snippet":"max-snippet:-1","max-image-preview":"max-image-preview:large","max-video-preview":"max-video-preview:-1"},"canonical":"https:\/\/milconstructions.com\/en\/nosotros\/","og_locale":"en_US","og_type":"article","og_title":"Nosotros - Magic Constructions","og_url":"https:\/\/milconstructions.com\/en\/nosotros\/","og_site_name":"Magic Constructions","article_modified_time":"2026-03-10T13:00:46+00:00","og_image":[{"width":1600,"height":1200,"url":"https:\/\/milconstructions.com\/wp-content\/uploads\/2026\/03\/port-6.jpeg","type":"image\/jpeg"}],"twitter_card":"summary_large_image","schema":{"@context":"https:\/\/schema.org","@graph":[{"@type":"WebPage","@id":"https:\/\/milconstructions.com\/en\/nosotros\/","url":"https:\/\/milconstructions.com\/en\/nosotros\/","name":"Nosotros - Magic Constructions","isPartOf":{"@id":"https:\/\/milconstructions.com\/en\/#website"},"primaryImageOfPage":{"@id":"https:\/\/milconstructions.com\/en\/nosotros\/#primaryimage"},"image":{"@id":"https:\/\/milconstructions.com\/en\/nosotros\/#primaryimage"},"thumbnailUrl":"https:\/\/milconstructions.com\/wp-content\/uploads\/2026\/03\/port-6.jpeg","datePublished":"2025-02-07T22:01:21+00:00","dateModified":"2026-03-10T13:00:46+00:00","breadcrumb":{"@id":"https:\/\/milconstructions.com\/en\/nosotros\/#breadcrumb"},"inLanguage":"en-US","potentialAction":[{"@type":"ReadAction","target":["https:\/\/milconstructions.com\/en\/nosotros\/"]}]},{"@type":"ImageObject","inLanguage":"en-US","@id":"https:\/\/milconstructions.com\/en\/nosotros\/#primaryimage","url":"https:\/\/milconstructions.com\/wp-content\/uploads\/2026\/03\/port-6.jpeg","contentUrl":"https:\/\/milconstructions.com\/wp-content\/uploads\/2026\/03\/port-6.jpeg","width":1600,"height":1200},{"@type":"BreadcrumbList","@id":"https:\/\/milconstructions.com\/en\/nosotros\/#breadcrumb","itemListElement":[{"@type":"ListItem","position":1,"name":"Portada","item":"https:\/\/milconstructions.com\/en\/"},{"@type":"ListItem","position":2,"name":"Nosotros"}]},{"@type":"WebSite","@id":"https:\/\/milconstructions.com\/en\/#website","url":"https:\/\/milconstructions.com\/en\/","name":"Magic Constructions","description":"","publisher":{"@id":"https:\/\/milconstructions.com\/en\/#organization"},"potentialAction":[{"@type":"SearchAction","target":{"@type":"EntryPoint","urlTemplate":"https:\/\/milconstructions.com\/en\/?s={search_term_string}"},"query-input":{"@type":"PropertyValueSpecification","valueRequired":true,"valueName":"search_term_string"}}],"inLanguage":"en-US"},{"@type":"Organization","@id":"https:\/\/milconstructions.com\/en\/#organization","name":"Magic Constructions","url":"https:\/\/milconstructions.com\/en\/","logo":{"@type":"ImageObject","inLanguage":"en-US","@id":"https:\/\/milconstructions.com\/en\/#\/schema\/logo\/image\/","url":"https:\/\/milconstructions.com\/wp-content\/uploads\/2025\/02\/Leonardo_Phoenix_09_Un_logotipo_formal_para_Magic_Construction_0.jpg","contentUrl":"https:\/\/milconstructions.com\/wp-content\/uploads\/2025\/02\/Leonardo_Phoenix_09_Un_logotipo_formal_para_Magic_Construction_0.jpg","width":768,"height":768,"caption":"Magic Constructions"},"image":{"@id":"https:\/\/milconstructions.com\/en\/#\/schema\/logo\/image\/"}}]}},"_links":{"self":[{"href":"https:\/\/milconstructions.com\/en\/wp-json\/wp\/v2\/pages\/406","targetHints":{"allow":["GET"]}}],"collection":[{"href":"https:\/\/milconstructions.com\/en\/wp-json\/wp\/v2\/pages"}],"about":[{"href":"https:\/\/milconstructions.com\/en\/wp-json\/wp\/v2\/types\/page"}],"author":[{"embeddable":true,"href":"https:\/\/milconstructions.com\/en\/wp-json\/wp\/v2\/users\/1"}],"replies":[{"embeddable":true,"href":"https:\/\/milconstructions.com\/en\/wp-json\/wp\/v2\/comments?post=406"}],"version-history":[{"count":4,"href":"https:\/\/milconstructions.com\/en\/wp-json\/wp\/v2\/pages\/406\/revisions"}],"predecessor-version":[{"id":921,"href":"https:\/\/milconstructions.com\/en\/wp-json\/wp\/v2\/pages\/406\/revisions\/921"}],"wp:featuredmedia":[{"embeddable":true,"href":"https:\/\/milconstructions.com\/en\/wp-json\/wp\/v2\/media\/918"}],"wp:attachment":[{"href":"https:\/\/milconstructions.com\/en\/wp-json\/wp\/v2\/media?parent=406"}],"curies":[{"name":"wp","href":"https:\/\/api.w.org\/{rel}","templated":true}]}}